{"id":167848,"date":"2020-04-05T20:02:11","date_gmt":"2020-04-05T20:02:11","guid":{"rendered":"http:\/\/courtierlanaudiere.com\/?page_id=167848"},"modified":"2023-02-16T16:47:08","modified_gmt":"2023-02-16T21:47:08","slug":"courtier-immobilier-a-repentigny","status":"publish","type":"page","link":"https:\/\/courtierlanaudiere.com\/en\/courtier-immobilier-a-repentigny\/","title":{"rendered":"Courtier immobilier \u00e0 Repentigny"},"content":{"rendered":"\t\t<div data-elementor-type=\"wp-page\" data-elementor-id=\"167848\" class=\"elementor elementor-167848 elementor-167529\" data-elementor-post-type=\"page\">\n\t\t\t\t\t\t<section class=\"elementor-section elementor-top-section elementor-element elementor-element-4c70de38 elementor-section-boxed elementor-section-height-default elementor-section-height-default\" data-id=\"4c70de38\" data-element_type=\"section\">\n\t\t\t\t\t\t<div class=\"elementor-container elementor-column-gap-default\">\n\t\t\t\t\t<div class=\"elementor-column elementor-col-100 elementor-top-column elementor-element elementor-element-3649db22\" data-id=\"3649db22\" data-element_type=\"column\">\n\t\t\t<div class=\"elementor-widget-wrap elementor-element-populated\">\n\t\t\t\t\t\t<div class=\"elementor-element elementor-element-1f54bfde elementor-widget elementor-widget-spacer\" data-id=\"1f54bfde\" data-element_type=\"widget\" data-widget_type=\"spacer.default\">\n\t\t\t\t<div class=\"elementor-widget-container\">\n\t\t\t\t\t\t\t<div class=\"elementor-spacer\">\n\t\t\t<div class=\"elementor-spacer-inner\"><\/div>\n\t\t<\/div>\n\t\t\t\t\t\t<\/div>\n\t\t\t\t<\/div>\n\t\t\t\t<div class=\"elementor-element elementor-element-29b252aa elementor-widget elementor-widget-heading\" data-id=\"29b252aa\" data-element_type=\"widget\" data-widget_type=\"heading.default\">\n\t\t\t\t<div class=\"elementor-widget-container\">\n\t\t\t\t\t<h2 class=\"elementor-heading-title elementor-size-default\">Courtiers immobiliers \u00e0 Repentigny<\/h2>\t\t\t\t<\/div>\n\t\t\t\t<\/div>\n\t\t\t\t<div class=\"elementor-element elementor-element-6fe1d26 elementor-widget elementor-widget-spacer\" data-id=\"6fe1d26\" data-element_type=\"widget\" data-widget_type=\"spacer.default\">\n\t\t\t\t<div class=\"elementor-widget-container\">\n\t\t\t\t\t\t\t<div class=\"elementor-spacer\">\n\t\t\t<div class=\"elementor-spacer-inner\"><\/div>\n\t\t<\/div>\n\t\t\t\t\t\t<\/div>\n\t\t\t\t<\/div>\n\t\t\t\t\t<\/div>\n\t\t<\/div>\n\t\t\t\t\t<\/div>\n\t\t<\/section>\n\t\t\t\t<section class=\"elementor-section elementor-top-section elementor-element elementor-element-5d57562d elementor-section-height-min-height elementor-hidden-tablet elementor-hidden-phone elementor-section-boxed elementor-section-height-default elementor-section-items-middle\" data-id=\"5d57562d\" data-element_type=\"section\" data-settings=\"{&quot;background_background&quot;:&quot;classic&quot;}\">\n\t\t\t\t\t\t\t<div class=\"elementor-background-overlay\"><\/div>\n\t\t\t\t\t\t\t<div class=\"elementor-container elementor-column-gap-no\">\n\t\t\t\t\t<div class=\"elementor-column elementor-col-50 elementor-top-column elementor-element elementor-element-564b8019 elementor-invisible\" data-id=\"564b8019\" data-element_type=\"column\" data-settings=\"{&quot;background_background&quot;:&quot;classic&quot;,&quot;animation&quot;:&quot;fadeInUp&quot;}\">\n\t\t\t<div class=\"elementor-widget-wrap\">\n\t\t\t\t\t\t\t<\/div>\n\t\t<\/div>\n\t\t\t\t<div class=\"elementor-column elementor-col-50 elementor-top-column elementor-element elementor-element-20c85e3a elementor-invisible\" data-id=\"20c85e3a\" data-element_type=\"column\" data-settings=\"{&quot;background_background&quot;:&quot;classic&quot;,&quot;animation&quot;:&quot;fadeIn&quot;,&quot;animation_delay&quot;:400}\">\n\t\t\t<div class=\"elementor-widget-wrap elementor-element-populated\">\n\t\t\t\t\t<div class=\"elementor-background-overlay\"><\/div>\n\t\t\t\t\t\t<section class=\"elementor-section elementor-inner-section elementor-element elementor-element-5e758495 elementor-section-boxed elementor-section-height-default elementor-section-height-default\" data-id=\"5e758495\" data-element_type=\"section\" data-settings=\"{&quot;background_background&quot;:&quot;classic&quot;}\">\n\t\t\t\t\t\t<div class=\"elementor-container elementor-column-gap-default\">\n\t\t\t\t\t<div class=\"elementor-column elementor-col-100 elementor-inner-column elementor-element elementor-element-11f16b7e elementor-invisible\" data-id=\"11f16b7e\" data-element_type=\"column\" data-settings=\"{&quot;background_background&quot;:&quot;classic&quot;,&quot;animation&quot;:&quot;fadeIn&quot;}\">\n\t\t\t<div class=\"elementor-widget-wrap elementor-element-populated\">\n\t\t\t\t\t\t<div class=\"elementor-element elementor-element-f3c2551 elementor-invisible elementor-widget elementor-widget-text-editor\" data-id=\"f3c2551\" data-element_type=\"widget\" data-settings=\"{&quot;_animation&quot;:&quot;fadeInUp&quot;,&quot;_animation_delay&quot;:400}\" data-widget_type=\"text-editor.default\">\n\t\t\t\t<div class=\"elementor-widget-container\">\n\t\t\t\t\t\t\t\t\t<p>Courtier immobilier Lanaudi\u00e8re<\/p>\t\t\t\t\t\t\t\t<\/div>\n\t\t\t\t<\/div>\n\t\t\t\t<div class=\"elementor-element elementor-element-12d1ff11 elementor-invisible elementor-widget elementor-widget-heading\" data-id=\"12d1ff11\" data-element_type=\"widget\" data-settings=\"{&quot;_animation&quot;:&quot;fadeInUp&quot;,&quot;_animation_delay&quot;:200}\" data-widget_type=\"heading.default\">\n\t\t\t\t<div class=\"elementor-widget-container\">\n\t\t\t\t\t<h1 class=\"elementor-heading-title elementor-size-default\">Choisir Repentigny pour y vivre<\/h1>\t\t\t\t<\/div>\n\t\t\t\t<\/div>\n\t\t\t\t<div class=\"elementor-element elementor-element-3d1fd39 elementor-invisible elementor-widget elementor-widget-text-editor\" data-id=\"3d1fd39\" data-element_type=\"widget\" data-settings=\"{&quot;_animation&quot;:&quot;fadeInUp&quot;,&quot;_animation_delay&quot;:300}\" data-widget_type=\"text-editor.default\">\n\t\t\t\t<div class=\"elementor-widget-container\">\n\t\t\t\t\t\t\t\t\tFond\u00e9e en 1669 sous l&#8217;appellation de paroisse de Notre-Dame-de-l&#8217;Assomption-de-Repentigny, par Jean-Baptiste Le Gardeur, Repentigny est l&#8217;une des plus vieilles villes de la grande r\u00e9gion montr\u00e9alaise.\n\nApr\u00e8s avoir sollicit\u00e9 de la compagnie de la Nouvelle-France des terres le long du fleuve Saint-Laurent, Pierre Le Gardeur, Sieur de Repentigny, se voit \u00e9mettre \u00e0 Paris, le 16 avril 1647, les actes de concession de la seigneurie10 qui allait devenir Repentigny. Originaire du Pays d&#8217;Auge dans les actuels d\u00e9partement fran\u00e7ais du Calvados et r\u00e9gion Basse-Normandie, ce militaire est cependant victime d&#8217;une \u00e9pid\u00e9mie un an plus tard et c&#8217;est plut\u00f4t son fils Jean-Baptiste qui s&#8217;\u00e9tablira sur ses terres en 1670.\n\nPendant 250 ans, Repentigny ne sera habit\u00e9e que par quelques centaines de paysans qui y vivront de l&#8217;agriculture. En 1677, le premier recensement ne fait \u00e9tat que de 30 habitants.\n\nLe premier conseil municipal a \u00e9t\u00e9 form\u00e9 en juillet 1855. Benjamin Moreau devint ainsi le premier maire de Repentigny.\n\nDepuis le 1er juin 2002, la nouvelle ville de Repentigny regroupe les anciennes municipalit\u00e9s de Repentigny et de Le Gardeur, anciennement Saint-Paul-L&#8217;Ermite.\t\t\t\t\t\t\t\t<\/div>\n\t\t\t\t<\/div>\n\t\t\t\t\t<\/div>\n\t\t<\/div>\n\t\t\t\t\t<\/div>\n\t\t<\/section>\n\t\t\t\t\t<\/div>\n\t\t<\/div>\n\t\t\t\t\t<\/div>\n\t\t<\/section>\n\t\t\t\t<section class=\"elementor-section elementor-top-section elementor-element elementor-element-56049fc elementor-hidden-desktop elementor-section-boxed elementor-section-height-default elementor-section-height-default\" data-id=\"56049fc\" data-element_type=\"section\">\n\t\t\t\t\t\t<div class=\"elementor-container elementor-column-gap-default\">\n\t\t\t\t\t<div class=\"elementor-column elementor-col-50 elementor-top-column elementor-element elementor-element-c2513b8\" data-id=\"c2513b8\" data-element_type=\"column\">\n\t\t\t<div class=\"elementor-widget-wrap elementor-element-populated\">\n\t\t\t\t\t\t<div class=\"elementor-element elementor-element-fbe4745 elementor-widget elementor-widget-image\" data-id=\"fbe4745\" data-element_type=\"widget\" data-widget_type=\"image.default\">\n\t\t\t\t<div class=\"elementor-widget-container\">\n\t\t\t\t\t\t\t\t\t\t\t\t\t\t\t<img fetchpriority=\"high\" decoding=\"async\" width=\"1024\" height=\"682\" src=\"https:\/\/courtierlanaudiere.com\/wp-content\/uploads\/2020\/01\/ville-de-repentigny.jpg\" class=\"attachment-large size-large wp-image-167720\" alt=\"Courtier immobilier Sainte-Julienne\" \/>\t\t\t\t\t\t\t\t\t\t\t\t\t\t\t<\/div>\n\t\t\t\t<\/div>\n\t\t\t\t\t<\/div>\n\t\t<\/div>\n\t\t\t\t<div class=\"elementor-column elementor-col-50 elementor-top-column elementor-element elementor-element-8518022\" data-id=\"8518022\" data-element_type=\"column\">\n\t\t\t<div class=\"elementor-widget-wrap elementor-element-populated\">\n\t\t\t\t\t\t<div class=\"elementor-element elementor-element-f19d7df elementor-invisible elementor-widget elementor-widget-heading\" data-id=\"f19d7df\" data-element_type=\"widget\" data-settings=\"{&quot;_animation&quot;:&quot;fadeInUp&quot;,&quot;_animation_delay&quot;:200}\" data-widget_type=\"heading.default\">\n\t\t\t\t<div class=\"elementor-widget-container\">\n\t\t\t\t\t<h1 class=\"elementor-heading-title elementor-size-default\">Choisir Repentigny pour y vivre<\/h1>\t\t\t\t<\/div>\n\t\t\t\t<\/div>\n\t\t\t\t<div class=\"elementor-element elementor-element-5e8d0354 elementor-invisible elementor-widget elementor-widget-text-editor\" data-id=\"5e8d0354\" data-element_type=\"widget\" data-settings=\"{&quot;_animation&quot;:&quot;fadeInUp&quot;,&quot;_animation_delay&quot;:300}\" data-widget_type=\"text-editor.default\">\n\t\t\t\t<div class=\"elementor-widget-container\">\n\t\t\t\t\t\t\t\t\tFond\u00e9e en 1669 sous l&#8217;appellation de paroisse de Notre-Dame-de-l&#8217;Assomption-de-Repentigny, par Jean-Baptiste Le Gardeur, Repentigny est l&#8217;une des plus vieilles villes de la grande r\u00e9gion montr\u00e9alaise.\n\nApr\u00e8s avoir sollicit\u00e9 de la compagnie de la Nouvelle-France des terres le long du fleuve Saint-Laurent, Pierre Le Gardeur, Sieur de Repentigny, se voit \u00e9mettre \u00e0 Paris, le 16 avril 1647, les actes de concession de la seigneurie10 qui allait devenir Repentigny. Originaire du Pays d&#8217;Auge dans les actuels d\u00e9partement fran\u00e7ais du Calvados et r\u00e9gion Basse-Normandie, ce militaire est cependant victime d&#8217;une \u00e9pid\u00e9mie un an plus tard et c&#8217;est plut\u00f4t son fils Jean-Baptiste qui s&#8217;\u00e9tablira sur ses terres en 1670.\n\nPendant 250 ans, Repentigny ne sera habit\u00e9e que par quelques centaines de paysans qui y vivront de l&#8217;agriculture. En 1677, le premier recensement ne fait \u00e9tat que de 30 habitants.\n\nLe premier conseil municipal a \u00e9t\u00e9 form\u00e9 en juillet 1855. Benjamin Moreau devint ainsi le premier maire de Repentigny.\n\nDepuis le 1er juin 2002, la nouvelle ville de Repentigny regroupe les anciennes municipalit\u00e9s de Repentigny et de Le Gardeur, anciennement Saint-Paul-L&#8217;Ermite.\t\t\t\t\t\t\t\t<\/div>\n\t\t\t\t<\/div>\n\t\t\t\t\t<\/div>\n\t\t<\/div>\n\t\t\t\t\t<\/div>\n\t\t<\/section>\n\t\t\t\t<\/div>\n\t\t","protected":false},"excerpt":{"rendered":"<p>Courtiers immobiliers \u00e0 Repentigny Courtier immobilier Lanaudi\u00e8re Choisir Repentigny pour y vivre Fond\u00e9e en 1669 sous l&#8217;appellation de paroisse de Notre-Dame-de-l&#8217;Assomption-de-Repentigny, par Jean-Baptiste Le Gardeur, Repentigny est l&#8217;une des plus vieilles villes de la grande r\u00e9gion montr\u00e9alaise. Apr\u00e8s avoir sollicit\u00e9 de la compagnie de la Nouvelle-France des terres le long du fleuve Saint-Laurent, Pierre Le [&hellip;]<\/p>\n","protected":false},"author":10,"featured_media":0,"parent":0,"menu_order":0,"comment_status":"closed","ping_status":"closed","template":"elementor_header_footer","meta":{"_acf_changed":false,"footnotes":""},"mls":[],"coauthors":[232],"class_list":["post-167848","page","type-page","status-publish","hentry"],"acf":[],"yoast_head":"<!-- This site is optimized with the Yoast SEO plugin v26.7 - https:\/\/yoast.com\/wordpress\/plugins\/seo\/ -->\n<title>Realtors in Repentigny | Land, Cottages, Houses for sale<\/title>\n<meta name=\"description\" content=\"Looking for house for sale in Repentigny, Qu\u00e9bec? Know more about the city with Courtier Immobilier Lanaudi\u00e8re. Our realtors in Repentigny will help!\" \/>\n<meta name=\"robots\" content=\"index, follow, max-snippet:-1, max-image-preview:large, max-video-preview:-1\" \/>\n<link rel=\"canonical\" href=\"https:\/\/courtierlanaudiere.com\/en\/wp-json\/wp\/v2\/pages\/167848\" \/>\n<meta property=\"og:locale\" content=\"en_US\" \/>\n<meta property=\"og:type\" content=\"article\" \/>\n<meta property=\"og:title\" content=\"Realtors in Repentigny | Land, Cottages, Houses for sale\" \/>\n<meta property=\"og:description\" content=\"Looking for house for sale in Repentigny, Qu\u00e9bec? Know more about the city with Courtier Immobilier Lanaudi\u00e8re. Our realtors in Repentigny will help!\" \/>\n<meta property=\"og:url\" content=\"https:\/\/courtierlanaudiere.com\/en\/courtier-immobilier-a-repentigny\/\" \/>\n<meta property=\"og:site_name\" content=\"Courtier Immobilier Lanaudi\u00e8re Karelle Tourangeau et Matthieu Pepin\" \/>\n<meta property=\"article:publisher\" content=\"https:\/\/www.facebook.com\/guillaumetremblayremax\/\" \/>\n<meta property=\"article:modified_time\" content=\"2023-02-16T21:47:08+00:00\" \/>\n<meta property=\"og:image\" content=\"http:\/\/courtierlanaudiere.com\/wp-content\/uploads\/2020\/01\/ville-de-repentigny.jpg\" \/>\n<meta name=\"twitter:card\" content=\"summary_large_image\" \/>\n<meta name=\"twitter:label1\" content=\"Est. reading time\" \/>\n\t<meta name=\"twitter:data1\" content=\"3 minutes\" \/>\n\t<meta name=\"twitter:label2\" content=\"Written by\" \/>\n\t<meta name=\"twitter:data2\" content=\"Karelle Tourangeau\" \/>\n<!-- \/ Yoast SEO plugin. -->","yoast_head_json":{"title":"Realtors in Repentigny | Land, Cottages, Houses for sale","description":"Looking for house for sale in Repentigny, Qu\u00e9bec? Know more about the city with Courtier Immobilier Lanaudi\u00e8re. Our realtors in Repentigny will help!","robots":{"index":"index","follow":"follow","max-snippet":"max-snippet:-1","max-image-preview":"max-image-preview:large","max-video-preview":"max-video-preview:-1"},"canonical":"https:\/\/courtierlanaudiere.com\/en\/wp-json\/wp\/v2\/pages\/167848","og_locale":"en_US","og_type":"article","og_title":"Realtors in Repentigny | Land, Cottages, Houses for sale","og_description":"Looking for house for sale in Repentigny, Qu\u00e9bec? Know more about the city with Courtier Immobilier Lanaudi\u00e8re. Our realtors in Repentigny will help!","og_url":"https:\/\/courtierlanaudiere.com\/en\/courtier-immobilier-a-repentigny\/","og_site_name":"Courtier Immobilier Lanaudi\u00e8re Karelle Tourangeau et Matthieu Pepin","article_publisher":"https:\/\/www.facebook.com\/guillaumetremblayremax\/","article_modified_time":"2023-02-16T21:47:08+00:00","og_image":[{"url":"http:\/\/courtierlanaudiere.com\/wp-content\/uploads\/2020\/01\/ville-de-repentigny.jpg","type":"","width":"","height":""}],"twitter_card":"summary_large_image","twitter_misc":{"Est. reading time":"3 minutes","Written by":"Karelle Tourangeau"},"schema":{"@context":"https:\/\/schema.org","@graph":[{"@type":"WebPage","@id":"https:\/\/courtierlanaudiere.com\/en\/courtier-immobilier-a-repentigny\/","url":"https:\/\/courtierlanaudiere.com\/en\/courtier-immobilier-a-repentigny\/","name":"Realtors in Repentigny | Land, Cottages, Houses for sale","isPartOf":{"@id":"https:\/\/courtierlanaudiere.com\/en\/#website"},"primaryImageOfPage":{"@id":"https:\/\/courtierlanaudiere.com\/en\/courtier-immobilier-a-repentigny\/#primaryimage"},"image":{"@id":"https:\/\/courtierlanaudiere.com\/en\/courtier-immobilier-a-repentigny\/#primaryimage"},"thumbnailUrl":"http:\/\/courtierlanaudiere.com\/wp-content\/uploads\/2020\/01\/ville-de-repentigny.jpg","datePublished":"2020-04-05T20:02:11+00:00","dateModified":"2023-02-16T21:47:08+00:00","description":"Looking for house for sale in Repentigny, Qu\u00e9bec? Know more about the city with Courtier Immobilier Lanaudi\u00e8re. Our realtors in Repentigny will help!","breadcrumb":{"@id":"https:\/\/courtierlanaudiere.com\/en\/courtier-immobilier-a-repentigny\/#breadcrumb"},"inLanguage":"en-US","potentialAction":[{"@type":"ReadAction","target":["https:\/\/courtierlanaudiere.com\/en\/courtier-immobilier-a-repentigny\/"]}]},{"@type":"ImageObject","inLanguage":"en-US","@id":"https:\/\/courtierlanaudiere.com\/en\/courtier-immobilier-a-repentigny\/#primaryimage","url":"http:\/\/courtierlanaudiere.com\/wp-content\/uploads\/2020\/01\/ville-de-repentigny.jpg","contentUrl":"http:\/\/courtierlanaudiere.com\/wp-content\/uploads\/2020\/01\/ville-de-repentigny.jpg"},{"@type":"BreadcrumbList","@id":"https:\/\/courtierlanaudiere.com\/en\/courtier-immobilier-a-repentigny\/#breadcrumb","itemListElement":[{"@type":"ListItem","position":1,"name":"Accueil","item":"https:\/\/courtierlanaudiere.com\/en\/"},{"@type":"ListItem","position":2,"name":"Courtier immobilier \u00e0 Repentigny"}]},{"@type":"WebSite","@id":"https:\/\/courtierlanaudiere.com\/en\/#website","url":"https:\/\/courtierlanaudiere.com\/en\/","name":"Courtier Immobilier Lanaudi\u00e8re Karelle Tourangeau et Matthieu Pepin","description":"Nous accompagons les acheteurs et vendeurs dans Lanaudi\u00e8re.","publisher":{"@id":"https:\/\/courtierlanaudiere.com\/en\/#organization"},"potentialAction":[{"@type":"SearchAction","target":{"@type":"EntryPoint","urlTemplate":"https:\/\/courtierlanaudiere.com\/en\/?s={search_term_string}"},"query-input":{"@type":"PropertyValueSpecification","valueRequired":true,"valueName":"search_term_string"}}],"inLanguage":"en-US"},{"@type":"Organization","@id":"https:\/\/courtierlanaudiere.com\/en\/#organization","name":"Courtier Immobilier Rawdon & Ste-Julienne - RE\/MAX","url":"https:\/\/courtierlanaudiere.com\/en\/","logo":{"@type":"ImageObject","inLanguage":"en-US","@id":"https:\/\/courtierlanaudiere.com\/en\/#\/schema\/logo\/image\/","url":"https:\/\/courtierlanaudiere.com\/wp-content\/uploads\/2020\/01\/REDC2017_CMYK_vertical_BallonDroite_francais-1.png","contentUrl":"https:\/\/courtierlanaudiere.com\/wp-content\/uploads\/2020\/01\/REDC2017_CMYK_vertical_BallonDroite_francais-1.png","width":293,"height":125,"caption":"Courtier Immobilier Rawdon & Ste-Julienne - RE\/MAX"},"image":{"@id":"https:\/\/courtierlanaudiere.com\/en\/#\/schema\/logo\/image\/"},"sameAs":["https:\/\/www.facebook.com\/guillaumetremblayremax\/","https:\/\/www.youtube.com\/channel\/UCoJBkwWPFdcBfAtLkU5gldA"]}]}},"_links":{"self":[{"href":"https:\/\/courtierlanaudiere.com\/en\/wp-json\/wp\/v2\/pages\/167848","targetHints":{"allow":["GET"]}}],"collection":[{"href":"https:\/\/courtierlanaudiere.com\/en\/wp-json\/wp\/v2\/pages"}],"about":[{"href":"https:\/\/courtierlanaudiere.com\/en\/wp-json\/wp\/v2\/types\/page"}],"author":[{"embeddable":true,"href":"https:\/\/courtierlanaudiere.com\/en\/wp-json\/wp\/v2\/users\/10"}],"replies":[{"embeddable":true,"href":"https:\/\/courtierlanaudiere.com\/en\/wp-json\/wp\/v2\/comments?post=167848"}],"version-history":[{"count":3,"href":"https:\/\/courtierlanaudiere.com\/en\/wp-json\/wp\/v2\/pages\/167848\/revisions"}],"predecessor-version":[{"id":171145,"href":"https:\/\/courtierlanaudiere.com\/en\/wp-json\/wp\/v2\/pages\/167848\/revisions\/171145"}],"wp:attachment":[{"href":"https:\/\/courtierlanaudiere.com\/en\/wp-json\/wp\/v2\/media?parent=167848"}],"wp:term":[{"taxonomy":"mls","embeddable":true,"href":"https:\/\/courtierlanaudiere.com\/en\/wp-json\/wp\/v2\/mls?post=167848"},{"taxonomy":"author","embeddable":true,"href":"https:\/\/courtierlanaudiere.com\/en\/wp-json\/wp\/v2\/coauthors?post=167848"}],"curies":[{"name":"wp","href":"https:\/\/api.w.org\/{rel}","templated":true}]}}